{"id":7,"date":"2025-01-06T12:23:44","date_gmt":"2025-01-06T11:23:44","guid":{"rendered":"https:\/\/oreedumaquis6.ovh\/?page_id=7"},"modified":"2025-04-05T15:57:24","modified_gmt":"2025-04-05T13:57:24","slug":"7-2","status":"publish","type":"page","link":"https:\/\/oreedumaquis6.ovh\/?page_id=7","title":{"rendered":"Notices et modes d\u2019emploi"},"content":{"rendered":"<p>[et_pb_section fb_built=\u00a0\u00bb1&Prime; _builder_version=\u00a0\u00bb4.27.4&Prime; _module_preset=\u00a0\u00bbdefault\u00a0\u00bb background_enable_color=\u00a0\u00bboff\u00a0\u00bb background_enable_image=\u00a0\u00bboff\u00a0\u00bb global_colors_info=\u00a0\u00bb{}\u00a0\u00bb][et_pb_row _builder_version=\u00a0\u00bb4.27.4&Prime; _module_preset=\u00a0\u00bbdefault\u00a0\u00bb background_enable_color=\u00a0\u00bboff\u00a0\u00bb custom_padding=\u00a0\u00bb||||false|false\u00a0\u00bb global_colors_info=\u00a0\u00bb{}\u00a0\u00bb][et_pb_column type=\u00a0\u00bb4_4&Prime; _builder_version=\u00a0\u00bb4.27.4&Prime; _module_preset=\u00a0\u00bbdefault\u00a0\u00bb global_colors_info=\u00a0\u00bb{}\u00a0\u00bb][et_pb_text _builder_version=\u00a0\u00bb4.27.4&Prime; _module_preset=\u00a0\u00bbdefault\u00a0\u00bb hover_enabled=\u00a0\u00bb0&Prime; global_colors_info=\u00a0\u00bb{}\u00a0\u00bb sticky_enabled=\u00a0\u00bb0&Prime;]<\/p>\n<h1><span><\/span><\/h1>\n<h1><span>Notices et modes d\u2019emploi<\/span><\/h1>\n<p>&nbsp;<\/p>\n<ul>\n<li><a href=\"http:\/\/oreedumaquis6.ovh\/wp-content\/uploads\/2025\/04\/alarme_piscine.pdf\" target=\"_blank\" rel=\"noopener\">Alarme de piscine<\/a><\/li>\n<\/ul>\n<p>&nbsp;<\/p>\n<h3>Maison<\/h3>\n<ul>\n<li><a href=\"http:\/\/oreedumaquis6.ovh\/wp-content\/uploads\/2025\/01\/maison_plaque_induction.pdf\" target=\"_blank\" rel=\"noopener\" title=\"Plaque \u00e0 induction\">Plaque \u00e0 induction<\/a><\/li>\n<li style=\"text-align: left;\"><a href=\"http:\/\/oreedumaquis6.ovh\/wp-content\/uploads\/2025\/01\/maison_four.pdf\" target=\"_blank\" rel=\"noopener\" title=\"Four\">Four<\/a><\/li>\n<li><a href=\"http:\/\/oreedumaquis6.ovh\/wp-content\/uploads\/2025\/01\/climatiseur_daikin.pdf\" target=\"_blank\" rel=\"noopener\" title=\"Climatiseur\">Climatiseur<\/a><\/li>\n<li><a href=\"http:\/\/oreedumaquis6.ovh\/wp-content\/uploads\/2025\/01\/machine_a_cafe.pdf\" target=\"_blank\" rel=\"noopener\" title=\"Machine \u00e0 caf\u00e9\">Machine \u00e0 caf\u00e9<\/a><\/li>\n<li><a href=\"http:\/\/oreedumaquis6.ovh\/wp-content\/uploads\/2025\/01\/four_micro_ondes.pdf\" target=\"_blank\" rel=\"noopener\" title=\"Four micro-ondes\">Four micro-ondes<\/a><\/li>\n<li><a href=\"http:\/\/oreedumaquis6.ovh\/wp-content\/uploads\/2025\/01\/plancha.pdf\" target=\"_blank\" rel=\"noopener\" title=\"Plancha\">Plancha<\/a><\/li>\n<li><a href=\"http:\/\/oreedumaquis6.ovh\/wp-content\/uploads\/2025\/01\/hotte.pdf\" target=\"_blank\" rel=\"noopener\" title=\"Hotte\">Hotte<\/a><\/li>\n<li><a href=\"http:\/\/oreedumaquis6.ovh\/wp-content\/uploads\/2025\/01\/lave_linge.pdf\" target=\"_blank\" rel=\"noopener\" title=\"Lave-linge\">Lave-linge<\/a><\/li>\n<li><a href=\"http:\/\/oreedumaquis6.ovh\/wp-content\/uploads\/2025\/01\/lave_vaisselle.pdf\" target=\"_blank\" rel=\"noopener\" title=\"Lave-vaisselle\">Lave-vaisselle<\/a><\/li>\n<\/ul>\n<h3>Studio<\/h3>\n<ul>\n<li><a href=\"http:\/\/oreedumaquis6.ovh\/wp-content\/uploads\/2025\/01\/studio_plaque_induction.pdf\" target=\"_blank\" rel=\"noopener\" title=\"Plaque \u00e0 induction\">Plaque \u00e0 induction<\/a><\/li>\n<li><a href=\"http:\/\/oreedumaquis6.ovh\/wp-content\/uploads\/2025\/01\/studio_four.pdf\" target=\"_blank\" rel=\"noopener\">Four<\/a><\/li>\n<li><a href=\"http:\/\/oreedumaquis6.ovh\/wp-content\/uploads\/2025\/01\/climatiseur_daikin.pdf\" target=\"_blank\" rel=\"noopener\" title=\"Climatiseur\">Climatiseur<\/a><\/li>\n<li><a href=\"http:\/\/oreedumaquis6.ovh\/wp-content\/uploads\/2025\/01\/machine_a_cafe.pdf\" target=\"_blank\" rel=\"noopener\" title=\"Machine \u00e0 caf\u00e9\">Machine \u00e0 caf\u00e9<\/a><\/li>\n<li><a href=\"http:\/\/oreedumaquis6.ovh\/wp-content\/uploads\/2025\/01\/four_micro_ondes.pdf\" target=\"_blank\" rel=\"noopener\" title=\"Four micro-ondes\">Four micro-ondes<\/a><\/li>\n<li><a href=\"http:\/\/oreedumaquis6.ovh\/wp-content\/uploads\/2025\/01\/hotte.pdf\" target=\"_blank\" rel=\"noopener\" title=\"Hotte\">Hotte<\/a><\/li>\n<li><a href=\"http:\/\/oreedumaquis6.ovh\/wp-content\/uploads\/2025\/01\/studio_lave_vaisselle.pdf\" target=\"_blank\" rel=\"noopener\" title=\"Lave-vaisselle\">Lave-vaisselle<\/a><\/li>\n<\/ul>\n<ul><\/ul>\n<p>[\/et_pb_text][\/et_pb_column][\/et_pb_row][\/et_pb_section]<\/p>\n","protected":false},"excerpt":{"rendered":"<p>Notices et modes d\u2019emploi &nbsp; Alarme de piscine &nbsp; Maison Plaque \u00e0 induction Four Climatiseur Machine \u00e0 caf\u00e9 Four micro-ondes Plancha Hotte Lave-linge Lave-vaisselle Studio Plaque \u00e0 induction Four Climatiseur Machine \u00e0 caf\u00e9 Four micro-ondes Hotte Lave-vaisselle<\/p>\n","protected":false},"author":1,"featured_media":0,"parent":0,"menu_order":0,"comment_status":"closed","ping_status":"closed","template":"","meta":{"_et_pb_use_builder":"on","_et_pb_old_content":"","_et_gb_content_width":"","footnotes":""},"class_list":["post-7","page","type-page","status-publish","hentry"],"_links":{"self":[{"href":"https:\/\/oreedumaquis6.ovh\/index.php?rest_route=\/wp\/v2\/pages\/7","targetHints":{"allow":["GET"]}}],"collection":[{"href":"https:\/\/oreedumaquis6.ovh\/index.php?rest_route=\/wp\/v2\/pages"}],"about":[{"href":"https:\/\/oreedumaquis6.ovh\/index.php?rest_route=\/wp\/v2\/types\/page"}],"author":[{"embeddable":true,"href":"https:\/\/oreedumaquis6.ovh\/index.php?rest_route=\/wp\/v2\/users\/1"}],"replies":[{"embeddable":true,"href":"https:\/\/oreedumaquis6.ovh\/index.php?rest_route=%2Fwp%2Fv2%2Fcomments&post=7"}],"version-history":[{"count":50,"href":"https:\/\/oreedumaquis6.ovh\/index.php?rest_route=\/wp\/v2\/pages\/7\/revisions"}],"predecessor-version":[{"id":434,"href":"https:\/\/oreedumaquis6.ovh\/index.php?rest_route=\/wp\/v2\/pages\/7\/revisions\/434"}],"wp:attachment":[{"href":"https:\/\/oreedumaquis6.ovh\/index.php?rest_route=%2Fwp%2Fv2%2Fmedia&parent=7"}],"curies":[{"name":"wp","href":"https:\/\/api.w.org\/{rel}","templated":true}]}}